{"id":3958,"date":"2023-04-04T18:31:58","date_gmt":"2023-04-04T16:31:58","guid":{"rendered":"https:\/\/carpapsa.com\/conocenos\/"},"modified":"2024-03-13T08:10:16","modified_gmt":"2024-03-13T07:10:16","slug":"nosaltres","status":"publish","type":"page","link":"https:\/\/carpapsa.com\/ca\/nosaltres\/","title":{"rendered":"Nosaltres"},"content":{"rendered":"<div class=\"wpb-content-wrapper\">[vc_row][vc_column width=&#8221;1\/2&#8243; css=&#8221;.vc_custom_1524482790639{padding-right: 12% !important;}&#8221;][vc_text_separator title=&#8221;PROVE\u00cfDORS DE PAPER&#8221; title_align=&#8221;separator_align_right&#8221; align=&#8221;align_left&#8221; color=&#8221;custom&#8221; el_width=&#8221;40&#8243; text_separator_custom_color=&#8221;yes&#8221; text_separator_custom_color_value=&#8221;#565b7a&#8221; accent_color=&#8221;#b32e41&#8243;][gt3_spacing height=&#8221;6px&#8221;][vc_column_text]\n<h2><strong>Prove\u00efdors de paper<\/strong><\/h2>\n[\/vc_column_text][gt3_spacing height=&#8221;24px&#8221;][gt3_custom_text text_color=&#8221;#777b93&#8243; font_size=&#8221;16&#8243; line_height=&#8221;190&#8243;]\n<p style=\"text-align: justify;\" aria-level=\"4\"><b><span data-contrast=\"none\">Carpapsa<\/span><\/b><span data-contrast=\"none\"> va iniciar la seva activitat en 1985. Som prove\u00efdors de paper i ens hem especialitzat en el subministrament de papers i cartons per a les arts gr\u00e0fiques oferint als nostres clients una <strong><a href=\"https:\/\/carpapsa.com\/ca\/productes\/\">\u00e0mplia gamma de productes<\/a> de qualitat<\/strong>. La nostra finalitat \u00e9s la d&#8217;oferir un servei complet als nostres clients que garanteixi la m\u00e0xima serietat en els processos de comercialitzaci\u00f3, magatzematge i distribuci\u00f3 del paper i el cart\u00f3.<\/span><\/p>\n[\/gt3_custom_text][gt3_spacing height=&#8221;17px&#8221;][gt3_custom_text text_color=&#8221;#777b93&#8243; font_size=&#8221;16&#8243; line_height=&#8221;190&#8243;]\n<p style=\"text-align: justify;\"><span data-contrast=\"auto\"><strong>Carpapsa<\/strong> expandeix la seva activitat per tot el territori espanyol, la zona sud de Fran\u00e7a, Portugal i Par\u00eds, amb el contracte referent de\u00a0<a href=\"https:\/\/impriclub.es\/\" target=\"_blank\" rel=\"noopener\">IMPRICLUB<\/a>, que ens permet arribar als seus associats.<\/span><\/p>\n[\/gt3_custom_text][gt3_spacing height=&#8221;39px&#8221;][\/vc_column][vc_column width=&#8221;1\/2&#8243;][gt3_spacing height=&#8221;20px&#8221; responsive_es=&#8221;true&#8221; height_mobile=&#8221;30&#8243;][vc_single_image image=&#8221;3589&#8243; img_size=&#8221;full&#8221;][gt3_spacing height=&#8221;40px&#8221;][\/vc_column][\/vc_row][vc_row full_width=&#8221;stretch_row&#8221; css=&#8221;.vc_custom_1681720930204{background-color: #fff5f7 !important;}&#8221;][vc_column][gt3_spacing height=&#8221;64px&#8221; responsive_es=&#8221;true&#8221; height_tablet=&#8221;30&#8243; height_mobile=&#8221;30&#8243;][vc_text_separator title=&#8221;EN CARPAPSA OFERIM MOLT M\u00c9S&#8221; title_align=&#8221;separator_align_right&#8221; align=&#8221;align_left&#8221; color=&#8221;custom&#8221; el_width=&#8221;30&#8243; text_separator_custom_color=&#8221;yes&#8221; text_separator_custom_color_value=&#8221;#565b7a&#8221; accent_color=&#8221;#b32e41&#8243;][gt3_spacing height=&#8221;8px&#8221;][vc_column_text]\n<h2>Prove\u00efdors de paper compromesos amb els <strong>nostres clients<\/strong><\/h2>\n[\/vc_column_text][gt3_spacing height=&#8221;26px&#8221;][vc_row_inner][vc_column_inner width=&#8221;7\/12&#8243;][gt3_custom_text text_color=&#8221;#777b93&#8243; font_size=&#8221;16&#8243; line_height=&#8221;190&#8243;]\n<p style=\"text-align: justify;\"><span>Ara i en el futur\u00a0<\/span><span>Carpapsa<\/span><span>\u00a0continuar\u00e0 fomentant les mesures que demostrin el nostre respecte pel medi ambient i la sostenibilitat.<\/span><\/p>\n[\/gt3_custom_text][\/vc_column_inner][\/vc_row_inner][gt3_spacing height=&#8221;51px&#8221;][vc_row_inner][vc_column_inner width=&#8221;1\/3&#8243;][gt3_services box_image=&#8221;3590&#8243; module_height=&#8221;280&#8243; title_color=&#8221;#ffffff&#8221; index_number_color=&#8221;rgba(255,255,255,0.2)&#8221; content_text_color=&#8221;#ffffff&#8221; box_hover_bg=&#8221;#5dbafc&#8221; title=&#8221;Millores constants&#8221; content_text=&#8221;El nostre objectiu \u00e9s mantenir la satisfacci\u00f3 dels nostres clients, per aix\u00f2 ampliem la nostra gamma de refer\u00e8ncies i formats. D&#8217;aquesta manera, rendibilitzem el temps i donem un servei superior quant a efectivitat.&#8221; index_number=&#8221;01&#8243;][gt3_spacing height=&#8221;103px&#8221; responsive_es=&#8221;true&#8221; height_tablet=&#8221;70&#8243; height_mobile=&#8221;50&#8243;][\/vc_column_inner][vc_column_inner width=&#8221;1\/3&#8243;][gt3_services box_image=&#8221;3591&#8243; module_height=&#8221;280&#8243; title_color=&#8221;#ffffff&#8221; index_number_color=&#8221;rgba(255,255,255,0.2)&#8221; content_text_color=&#8221;#ffffff&#8221; box_hover_bg=&#8221;#5dbafc&#8221; title=&#8221;Valor afegit&#8221; content_text=&#8221;El servei de magatzem ens permet fer lliuraments d&#8217;entre 3 fins a 12 hores, i el nostre servei de manipulaci\u00f3 realitza lliuraments d&#8217;entre 24 i 74 hores. El servei de fabricaci\u00f3 compta amb la comercialitzaci\u00f3 de les millors f\u00e0briques.&#8221; index_number=&#8221;02&#8243;][gt3_spacing height=&#8221;103px&#8221; responsive_es=&#8221;true&#8221; height_tablet=&#8221;70&#8243; height_mobile=&#8221;50&#8243;][\/vc_column_inner][vc_column_inner width=&#8221;1\/3&#8243;][gt3_services box_image=&#8221;3592&#8243; module_height=&#8221;280&#8243; title_color=&#8221;#ffffff&#8221; index_number_color=&#8221;rgba(255,255,255,0.2)&#8221; content_text_color=&#8221;#ffffff&#8221; box_hover_bg=&#8221;#5dbafc&#8221; title=&#8221;Atenci\u00f3 Personalitzada&#8221; content_text=&#8221;Des del Centre de Servei al Client de Carpapsa i els nostres gestors, ens encarreguem de la gesti\u00f3 de les comandes i de la sol\u00b7licitud d&#8217;assessoria sobre aquells productes que s&#8217;adaptin millor a les necessitats espec\u00edfiques de cada client.&#8221; index_number=&#8221;03&#8243;][gt3_spacing height=&#8221;103px&#8221; responsive_es=&#8221;true&#8221; height_tablet=&#8221;70&#8243; height_mobile=&#8221;50&#8243;][\/vc_column_inner][\/vc_row_inner][\/vc_column][\/vc_row][vc_row full_width=&#8221;stretch_row_content&#8221; equal_height=&#8221;yes&#8221; content_placement=&#8221;middle&#8221;][vc_column width=&#8221;1\/2&#8243; css=&#8221;.vc_custom_1681289547707{padding-top: 0px !important;padding-right: 10% !important;padding-bottom: 0px !important;padding-left: 10% !important;background-image: url(http:\/\/carpapsa.com\/wp-content\/uploads\/2023\/04\/Carpapsa-nave2.jpg?id=3595) !important;background-position: center !important;background-repeat: no-repeat !important;background-size: cover !important;}&#8221;][\/vc_column][vc_column width=&#8221;1\/2&#8243; css=&#8221;.vc_custom_1680772494666{padding-top: 95px !important;padding-right: 5% !important;padding-bottom: 95px !important;padding-left: 8% !important;}&#8221;][vc_row_inner][vc_column_inner width=&#8221;3\/4&#8243;][vc_text_separator title=&#8221;LLIURAMENTS&#8221; title_align=&#8221;separator_align_right&#8221; align=&#8221;align_left&#8221; color=&#8221;custom&#8221; el_width=&#8221;30&#8243; text_separator_custom_color=&#8221;yes&#8221; text_separator_custom_color_value=&#8221;#565b7a&#8221; accent_color=&#8221;#b32e41&#8243;][gt3_spacing height=&#8221;10px&#8221;][vc_column_text]\n<h2>Coneix els nostres <strong>canals de subministrament<\/strong><\/h2>\n[\/vc_column_text][gt3_spacing height=&#8221;38px&#8221;][gt3_icon_box icon_type=&#8221;image&#8221; thumbnail=&#8221;1440&#8243; icon_position=&#8221;left&#8221; icon_size=&#8221;small&#8221; title_tag=&#8221;h2&#8243; iconbox_title_size=&#8221;18&#8243; iconbox_content_size=&#8221;14&#8243; title_color=&#8221;#2b3152&#8243; text_color=&#8221;#777b93&#8243; link_color=&#8221;#5dbafc&#8221; link_hover_color=&#8221;#2b3152&#8243; new_tab=&#8221;&#8221; icon_circle=&#8221;&#8221; heading=&#8221;Magatzem&#8221; text=&#8221;En 2010 ampliem la nostra gamma de refer\u00e8ncies i formats amb la finalitat d&#8217;oferir la possibilitat de rendibilitzar el temps i poder donar, aix\u00ed, un servei m\u00e9s efectiu. Sempre innovem amb l&#8217;objectiu de millorar el servei que prestem als nostres clients.&#8221;][gt3_spacing height=&#8221;24px&#8221;][gt3_icon_box icon_type=&#8221;image&#8221; thumbnail=&#8221;1441&#8243; icon_position=&#8221;left&#8221; icon_size=&#8221;small&#8221; title_tag=&#8221;h2&#8243; iconbox_title_size=&#8221;18&#8243; iconbox_content_size=&#8221;14&#8243; title_color=&#8221;#2b3152&#8243; text_color=&#8221;#777b93&#8243; link_color=&#8221;#5dbafc&#8221; link_hover_color=&#8221;#2b3152&#8243; new_tab=&#8221;&#8221; icon_circle=&#8221;&#8221; heading=&#8221;Manipulaci\u00f3&#8221; text=&#8221;Disposem d&#8217;un servei de manipulaci\u00f3 i transformaci\u00f3 de bobines a format amb la finalitat d&#8217;adaptar-nos a les necessitats de cada treball.&#8221;][gt3_spacing height=&#8221;24px&#8221;][gt3_icon_box icon_type=&#8221;image&#8221; thumbnail=&#8221;1442&#8243; icon_position=&#8221;left&#8221; icon_size=&#8221;small&#8221; title_tag=&#8221;h2&#8243; iconbox_title_size=&#8221;18&#8243; iconbox_content_size=&#8221;14&#8243; title_color=&#8221;#2b3152&#8243; text_color=&#8221;#777b93&#8243; link_color=&#8221;#5dbafc&#8221; link_hover_color=&#8221;#2b3152&#8243; new_tab=&#8221;&#8221; icon_circle=&#8221;&#8221; heading=&#8221;Fabricaci\u00f3&#8221; text=&#8221;Nom\u00e9s amb les millors f\u00e0briques posarem a la disposici\u00f3 dels nostres clients la millor oferta. Per aix\u00f2 el nostre servei \u00e9s d&#8217;una qualitat inq\u00fcestionable.&#8221;][\/vc_column_inner][vc_column_inner width=&#8221;1\/4&#8243;][\/vc_column_inner][\/vc_row_inner][\/vc_column][\/vc_row][vc_row full_width=&#8221;stretch_row&#8221; css=&#8221;.vc_custom_1681720966905{background-color: #fff5f7 !important;}&#8221;][vc_column][gt3_spacing height=&#8221;20px&#8221; responsive_es=&#8221;true&#8221; height_tablet=&#8221;70&#8243; height_mobile=&#8221;70&#8243;][vc_text_separator title=&#8221;PRODUCTES&#8221; title_align=&#8221;separator_align_right&#8221; align=&#8221;align_left&#8221; color=&#8221;custom&#8221; el_width=&#8221;30&#8243; text_separator_custom_color=&#8221;yes&#8221; text_separator_custom_color_value=&#8221;#565b7a&#8221; accent_color=&#8221;#b32e41&#8243;][gt3_spacing height=&#8221;6px&#8221;][vc_column_text]\n<h2>Descobreix el nostre cat\u00e0leg de <strong>productes<\/strong><\/h2>\n[\/vc_column_text][gt3_spacing height=&#8221;25px&#8221;][gt3_custom_text text_color=&#8221;#777b93&#8243; font_size=&#8221;16&#8243; line_height=&#8221;190&#8243;]\n<p style=\"text-align: justify;\"><span>A <\/span><span>Carpapsa<\/span><span>\u00a0oferim un ampli ventall de productes: estucats, offsets,\u00a0<\/span><span>foldings<\/span><span>, cartolines, cartonets\u2026<\/span><\/p>\n[\/gt3_custom_text][gt3_spacing height=&#8221;20px&#8221;][gt3_button button_title=&#8221;DESCOBREIX ELS NOSTRES PRODUCTES&#8221; button_alignment=&#8221;right&#8221; btn_border_radius=&#8221;3px&#8221; use_theme_button=&#8221;&#8221; btn_bg_color=&#8221;rgba(255,255,255,0.01)&#8221; btn_text_color=&#8221;#000000&#8243; btn_bg_color_hover=&#8221;#b32e41&#8243; btn_text_color_hover=&#8221;#ffffff&#8221; btn_icon_color=&#8221;#ffffff&#8221; btn_icon_color_hover=&#8221;#ffffff&#8221; btn_border_color=&#8221;#b32e41&#8243; btn_border_color_hover=&#8221;#b32e41&#8243; css=&#8221;.vc_custom_1685353122298{padding-top: 15px !important;padding-right: 50px !important;padding-bottom: 14px !important;padding-left: 54px !important;}&#8221; link=&#8221;url:https%3A%2F%2Fcarpapsa.com%2Fproductos%2F|title:Productos&#8221;][gt3_spacing height=&#8221;30px&#8221; responsive_es=&#8221;true&#8221; height_tablet=&#8221;10&#8243; height_mobile=&#8221;10&#8243;][\/vc_column][\/vc_row]\n<\/div>","protected":false},"excerpt":{"rendered":"<p>[vc_row][vc_column width=&#8221;1\/2&#8243; css=&#8221;.vc_custom_1524482790639{padding-right: 12% !important;}&#8221;][vc_text_separator title=&#8221;PROVE\u00cfDORS DE PAPER&#8221; title_align=&#8221;separator_align_right&#8221; align=&#8221;align_left&#8221; color=&#8221;custom&#8221; el_width=&#8221;40&#8243; text_separator_custom_color=&#8221;yes&#8221; text_separator_custom_color_value=&#8221;#565b7a&#8221; accent_color=&#8221;#b32e41&#8243;][gt3_spacing height=&#8221;6px&#8221;][vc_column_text] Prove\u00efdors de paper [\/vc_column_text][gt3_spacing height=&#8221;24px&#8221;][gt3_custom_text text_color=&#8221;#777b93&#8243; font_size=&#8221;16&#8243; line_height=&#8221;190&#8243;] Carpapsa va iniciar la seva activitat en 1985. Som prove\u00efdors de paper i ens hem especialitzat en el subministrament de papers i cartons per a les arts gr\u00e0fiques oferint als nostres [&hellip;]<\/p>\n","protected":false},"author":1,"featured_media":0,"parent":0,"menu_order":0,"comment_status":"closed","ping_status":"closed","template":"","meta":{"footnotes":""},"class_list":["post-3958","page","type-page","status-publish","hentry"],"_links":{"self":[{"href":"https:\/\/carpapsa.com\/ca\/wp-json\/wp\/v2\/pages\/3958","targetHints":{"allow":["GET"]}}],"collection":[{"href":"https:\/\/carpapsa.com\/ca\/wp-json\/wp\/v2\/pages"}],"about":[{"href":"https:\/\/carpapsa.com\/ca\/wp-json\/wp\/v2\/types\/page"}],"author":[{"embeddable":true,"href":"https:\/\/carpapsa.com\/ca\/wp-json\/wp\/v2\/users\/1"}],"replies":[{"embeddable":true,"href":"https:\/\/carpapsa.com\/ca\/wp-json\/wp\/v2\/comments?post=3958"}],"version-history":[{"count":5,"href":"https:\/\/carpapsa.com\/ca\/wp-json\/wp\/v2\/pages\/3958\/revisions"}],"predecessor-version":[{"id":4202,"href":"https:\/\/carpapsa.com\/ca\/wp-json\/wp\/v2\/pages\/3958\/revisions\/4202"}],"wp:attachment":[{"href":"https:\/\/carpapsa.com\/ca\/wp-json\/wp\/v2\/media?parent=3958"}],"curies":[{"name":"wp","href":"https:\/\/api.w.org\/{rel}","templated":true}]}}