{"id":3967,"date":"2023-04-04T18:33:11","date_gmt":"2023-04-04T16:33:11","guid":{"rendered":"https:\/\/carpapsa.com\/sostenibilidad\/"},"modified":"2026-03-13T09:14:02","modified_gmt":"2026-03-13T08:14:02","slug":"sostenibilitat","status":"publish","type":"page","link":"https:\/\/carpapsa.com\/ca\/sostenibilitat\/","title":{"rendered":"Sostenibilitat"},"content":{"rendered":"<div class=\"wpb-content-wrapper\">[vc_row][vc_column width=&#8221;1\/2&#8243; css=&#8221;.vc_custom_1524482790639{padding-right: 12% !important;}&#8221;][vc_text_separator title=&#8221;El nostre comprom\u00eds&#8221; title_align=&#8221;separator_align_right&#8221; align=&#8221;align_left&#8221; color=&#8221;custom&#8221; el_width=&#8221;40&#8243; text_separator_custom_color=&#8221;yes&#8221; text_separator_custom_color_value=&#8221;#565b7a&#8221; accent_color=&#8221;#b32e41&#8243;][gt3_spacing height=&#8221;6px&#8221;][vc_column_text]\n<h2>Carpapsa, compromesos amb el <strong>medi ambient<\/strong><\/h2>\n[\/vc_column_text][gt3_spacing height=&#8221;24px&#8221;][gt3_custom_text text_color=&#8221;#777b93&#8243; font_size=&#8221;16&#8243; line_height=&#8221;190&#8243;]\n<p style=\"text-align: justify;\"><strong>Carpapsa<\/strong><span>\u00a0va iniciar la seva activitat en 1985 i, des de llavors, considerem que la nostra missi\u00f3 no pot obviar el <strong>comprom\u00eds amb el medi ambient<\/strong>. \u00c9s per aquest motiu que hem volgut garantir sempre la qualitat durant els nostres processos de comercialitzaci\u00f3, magatzematge i distribuci\u00f3 del paper i cart\u00f3, treballant cada dia en la posada en marxa d&#8217;accions que protegeixin el medi ambient en tots els vessants possibles.<\/span><\/p>\n[\/gt3_custom_text][gt3_spacing height=&#8221;17px&#8221;][\/vc_column][vc_column width=&#8221;1\/2&#8243;][gt3_spacing height=&#8221;30px&#8221; responsive_es=&#8221;true&#8221; height_mobile=&#8221;30&#8243;][vc_single_image image=&#8221;3929&#8243; img_size=&#8221;full&#8221;][gt3_spacing height=&#8221;40px&#8221;][\/vc_column][\/vc_row][vc_row full_width=&#8221;stretch_row&#8221; css=&#8221;.vc_custom_1681721000282{background-color: #fff5f7 !important;}&#8221;][vc_column width=&#8221;1\/3&#8243;][gt3_spacing height=&#8221;65px&#8221;][vc_single_image image=&#8221;3918&#8243; img_size=&#8221;FULL&#8221;][\/vc_column][vc_column width=&#8221;2\/3&#8243;][gt3_spacing height=&#8221;35px&#8221; responsive_es=&#8221;true&#8221; height_mobile=&#8221;30&#8243;][vc_text_separator title=&#8221;Certificacions&#8221; title_align=&#8221;separator_align_right&#8221; align=&#8221;align_left&#8221; color=&#8221;custom&#8221; el_width=&#8221;40&#8243; text_separator_custom_color=&#8221;yes&#8221; text_separator_custom_color_value=&#8221;#565b7a&#8221; accent_color=&#8221;#b32e41&#8243;][gt3_spacing height=&#8221;6px&#8221;][vc_column_text]\n<h2><strong>Certificacions<\/strong> que ens avalen<\/h2>\n[\/vc_column_text][gt3_spacing height=&#8221;24px&#8221;][gt3_custom_text text_color=&#8221;#777b93&#8243; font_size=&#8221;16&#8243; line_height=&#8221;190&#8243;]\n<p style=\"text-align: justify;\"><span data-contrast=\"auto\" xml:lang=\"ES-ES\" lang=\"ES-ES\" class=\"TextRun SCXW241914221 BCX0\"><span class=\"NormalTextRun SCXW241914221 BCX0\">A <\/span><\/span><a href=\"https:\/\/carpapsa.com\/ca\/nosaltres\/\"><strong><span data-contrast=\"auto\" xml:lang=\"ES-ES\" lang=\"ES-ES\" class=\"TextRun SCXW241914221 BCX0\"><span class=\"NormalTextRun SpellingErrorV2Themed SCXW241914221 BCX0\">Carpapsa<\/span><\/span><\/strong><\/a><span data-contrast=\"auto\" xml:lang=\"ES-ES\" lang=\"ES-ES\" class=\"TextRun SCXW241914221 BCX0\"><span class=\"NormalTextRun SCXW241914221 BCX0\"> <span>sempre hem apostat per cr\u00e9ixer sense perjudicar el medi ambient, comprometent-nos a treballar sempre d&#8217;aquesta manera. Per a demostrar-ho, hem obtingut <a href=\"https:\/\/www.pefc.es\/\" target=\"_blank\" rel=\"noopener\"><strong>la certificaci\u00f3\u00a0<\/strong><\/a><\/span><strong>PEFC\u00a0i\u00a0FSC<\/strong><span><strong>\u00a0<sup>\u00ae<\/sup><\/strong>. Ambdues garanteixen que els productes forestals que utilitzem procedeixen de boscos gestionats sosteniblement. De fet,\u00a0<\/span><span>PEFC<\/span><span>\u00a0i\u00a0<\/span><span>FSC<\/span><span>\u00a0<sup>\u00ae<\/sup> distingeixen amb els seus segells als productes procedents de boscos certificats i que han estat sotmesos a estrictes controls en el seu proc\u00e9s de producci\u00f3, a trav\u00e9s de la cadena de cust\u00f2dia.<\/span><\/span><\/span><\/p>\n[\/gt3_custom_text][gt3_spacing height=&#8221;45px&#8221; responsive_es=&#8221;true&#8221; height_mobile=&#8221;30&#8243;][\/vc_column][\/vc_row][vc_row full_width=&#8221;stretch_row&#8221; css=&#8221;.vc_custom_1681291213826{background-image: url(http:\/\/carpapsa.com\/wp-content\/uploads\/2023\/04\/Carpapsa-Medio-Ambiente.jpg?id=3604) !important;background-position: center !important;background-repeat: no-repeat !important;background-size: cover !important;}&#8221;][vc_column][gt3_spacing height=&#8221;28px&#8221;][gt3_icon_box icon_type=&#8221;image&#8221; thumbnail=&#8221;1493&#8243; icon_position=&#8221;top&#8221; icon_size=&#8221;custom&#8221; custom_icon_size=&#8221;55&#8243; title_tag=&#8221;h2&#8243; iconbox_content_size=&#8221;14&#8243; title_color=&#8221;#2b3152&#8243; text_color=&#8221;#848d95&#8243; link_color=&#8221;#5dbafc&#8221; link_hover_color=&#8221;#2b3152&#8243; new_tab=&#8221;&#8221; icon_circle=&#8221;&#8221;][gt3_spacing height=&#8221;28px&#8221;][vc_column_text]\n<h2 style=\"text-align: center;\"><span style=\"color: #ffffff;\">Descarrega les nostres certificacions<\/span><\/h2>\n[\/vc_column_text][gt3_spacing height=&#8221;33px&#8221;][vc_row_inner][vc_column_inner width=&#8221;1\/3&#8243;][gt3_button button_title=&#8221;CARTA DE COMPROM\u00cdS&#8221; button_size=&#8221;large&#8221; button_alignment=&#8221;center&#8221; btn_border_radius=&#8221;3px&#8221; use_theme_button=&#8221;&#8221; btn_bg_color=&#8221;rgba(255,255,255,0.01)&#8221; btn_text_color=&#8221;#ffffff&#8221; btn_bg_color_hover=&#8221;#2a353f&#8221; btn_text_color_hover=&#8221;#ffffff&#8221; btn_icon_color=&#8221;#ffffff&#8221; btn_icon_color_hover=&#8221;#ffffff&#8221; btn_border_color=&#8221;#ffffff&#8221; btn_border_color_hover=&#8221;#2a353f&#8221; css=&#8221;.vc_custom_1742812757057{margin-bottom: 0px !important;padding-top: 15px !important;padding-right: 31px !important;padding-bottom: 15px !important;padding-left: 31px !important;}&#8221; link=&#8221;url:https%3A%2F%2Fcarpapsa.com%2Fwp-content%2Fuploads%2F2025%2F03%2FMCdC-01-A02-R04-Politica-Cdc-firmada.pdf&#8221;][\/vc_column_inner][vc_column_inner width=&#8221;1\/3&#8243;][gt3_button button_title=&#8221;CERTIFICACI\u00d3 PEFC&#8221; button_size=&#8221;large&#8221; button_alignment=&#8221;center&#8221; btn_border_radius=&#8221;3px&#8221; use_theme_button=&#8221;&#8221; btn_bg_color=&#8221;rgba(255,255,255,0.01)&#8221; btn_text_color=&#8221;#ffffff&#8221; btn_bg_color_hover=&#8221;#2a353f&#8221; btn_text_color_hover=&#8221;#ffffff&#8221; btn_icon_color=&#8221;#ffffff&#8221; btn_icon_color_hover=&#8221;#ffffff&#8221; btn_border_color=&#8221;#ffffff&#8221; btn_border_color_hover=&#8221;#2a353f&#8221; css=&#8221;.vc_custom_1773298824648{margin-bottom: 0px !important;padding-top: 15px !important;padding-right: 31px !important;padding-bottom: 15px !important;padding-left: 31px !important;}&#8221; link=&#8221;url:https%3A%2F%2Fcarpapsa.com%2Fwp-content%2Fuploads%2F2026%2F03%2FCERTIFICADO-PEFC-CARPAPSA-VALIDO-HASTA-06.05.29.pdf&#8221;][\/vc_column_inner][vc_column_inner width=&#8221;1\/3&#8243;][gt3_button button_title=&#8221;CERTIFICACI\u00d3 FSC\u00ae&#8221; button_size=&#8221;large&#8221; button_alignment=&#8221;center&#8221; btn_border_radius=&#8221;3px&#8221; use_theme_button=&#8221;&#8221; btn_bg_color=&#8221;rgba(255,255,255,0.01)&#8221; btn_text_color=&#8221;#ffffff&#8221; btn_bg_color_hover=&#8221;#2a353f&#8221; btn_text_color_hover=&#8221;#ffffff&#8221; btn_icon_color=&#8221;#ffffff&#8221; btn_icon_color_hover=&#8221;#ffffff&#8221; btn_border_color=&#8221;#ffffff&#8221; btn_border_color_hover=&#8221;#2a353f&#8221; css=&#8221;.vc_custom_1772097965092{margin-bottom: 0px !important;padding-top: 15px !important;padding-right: 31px !important;padding-bottom: 15px !important;padding-left: 31px !important;}&#8221; link=&#8221;url:https%3A%2F%2Fcarpapsa.com%2Fwp-content%2Fuploads%2F2026%2F02%2FCERTIFICADO-FSC-CARPAPSA.pdf&#8221;][\/vc_column_inner][\/vc_row_inner][gt3_spacing height=&#8221;62px&#8221;][\/vc_column][\/vc_row][vc_row full_width=&#8221;stretch_row&#8221; css=&#8221;.vc_custom_1681721622389{background: #b32e41 url(http:\/\/carpapsa.com\/wp-content\/uploads\/2018\/04\/gradient-1.png?id=2249) !important;background-position: center !important;background-repeat: no-repeat !important;background-size: cover !important;}&#8221;][vc_column][gt3_spacing height=&#8221;65px&#8221;][vc_column_text]\n<h2 style=\"text-align: center;\"><span style=\"color: #ffffff;\">El comprom\u00eds de Carpapsa <\/span><\/h2>\n<h2 style=\"text-align: center;\"><span style=\"color: #ffffff;\">amb el Sistema de Gesti\u00f3 de la Cadena de Cust\u00f2dia<\/span><\/h2>\n[\/vc_column_text][gt3_spacing height=&#8221;10px&#8221;][vc_row_inner equal_height=&#8221;yes&#8221; content_placement=&#8221;bottom&#8221;][vc_column_inner width=&#8221;1\/3&#8243;][gt3_spacing height=&#8221;79px&#8221; responsive_es=&#8221;true&#8221; height_tablet=&#8221;50&#8243; height_mobile=&#8221;50&#8243;][gt3_icon_box icon_type=&#8221;image&#8221; thumbnail=&#8221;1520&#8243; icon_position=&#8221;left&#8221; icon_size=&#8221;custom&#8221; custom_icon_size=&#8221;50&#8243; title_tag=&#8221;h2&#8243; iconbox_title_size=&#8221;18&#8243; iconbox_content_size=&#8221;14&#8243; title_color=&#8221;#ffffff&#8221; text_color=&#8221;#ffffff&#8221; link_color=&#8221;#5dbafc&#8221; link_hover_color=&#8221;#2b3152&#8243; new_tab=&#8221;&#8221; icon_circle=&#8221;&#8221; heading=&#8221;Qualitat durant tot el proc\u00e9s&#8221; text=&#8221;de comercialitzaci\u00f3, magatzematge i distribuci\u00f3 del paper i cart\u00f3, treballant cada dia en la posada en marxa d&#8217;accions que protegeixin el medi ambient.&#8221;][gt3_spacing height=&#8221;57px&#8221;][gt3_icon_box icon_type=&#8221;image&#8221; thumbnail=&#8221;1521&#8243; icon_position=&#8221;left&#8221; icon_size=&#8221;custom&#8221; custom_icon_size=&#8221;50&#8243; title_tag=&#8221;h2&#8243; iconbox_title_size=&#8221;18&#8243; iconbox_content_size=&#8221;14&#8243; title_color=&#8221;#ffffff&#8221; text_color=&#8221;#ffffff&#8221; link_color=&#8221;#5dbafc&#8221; link_hover_color=&#8221;#2b3152&#8243; new_tab=&#8221;&#8221; icon_circle=&#8221;&#8221; heading=&#8221;Boscos ben gestionats&#8221; text=&#8221;Esfor\u00e7 en garantir que el paper i el cart\u00f3 que distribu\u00efm ens el serveixen prove\u00efdors certificats en PEFC o FSC \u00ae&#8221;][gt3_spacing height=&#8221;86px&#8221; responsive_es=&#8221;true&#8221; height_mobile=&#8221;70&#8243;][\/vc_column_inner][vc_column_inner width=&#8221;1\/3&#8243; css=&#8221;.vc_custom_1523453300907{margin-top: 0px !important;padding-top: 0px !important;}&#8221; offset=&#8221;vc_hidden-xs&#8221;][vc_single_image image=&#8221;3921&#8243; img_size=&#8221;full&#8221; alignment=&#8221;center&#8221; css=&#8221;.vc_custom_1680766289734{margin-top: 0px !important;margin-right: -90px !important;margin-left: -90px !important;padding-top: 0px !important;}&#8221;][\/vc_column_inner][vc_column_inner width=&#8221;1\/3&#8243;][gt3_spacing height=&#8221;79px&#8221; responsive_es=&#8221;true&#8221; height_mobile=&#8221;0px&#8221; height_tablet=&#8221;60&#8243;][gt3_icon_box icon_type=&#8221;image&#8221; thumbnail=&#8221;1763&#8243; icon_position=&#8221;right&#8221; icon_size=&#8221;custom&#8221; custom_icon_size=&#8221;50&#8243; title_tag=&#8221;h2&#8243; iconbox_title_size=&#8221;18&#8243; iconbox_content_size=&#8221;14&#8243; title_color=&#8221;#ffffff&#8221; text_color=&#8221;#ffffff&#8221; link_color=&#8221;#5dbafc&#8221; link_hover_color=&#8221;#2b3152&#8243; new_tab=&#8221;&#8221; icon_circle=&#8221;&#8221; heading=&#8221;Prove\u00efdors de confian\u00e7a&#8221; text=&#8221;que ens serveixen material d&#8217;explotacions controlades, que respecten els valors ecol\u00f2gics, socials i la gesti\u00f3 responsable del bosc.&#8221;][gt3_spacing height=&#8221;57px&#8221;][gt3_icon_box icon_type=&#8221;image&#8221; thumbnail=&#8221;1519&#8243; icon_position=&#8221;right&#8221; icon_size=&#8221;custom&#8221; custom_icon_size=&#8221;50&#8243; title_tag=&#8221;h2&#8243; iconbox_title_size=&#8221;18&#8243; iconbox_content_size=&#8221;14&#8243; title_color=&#8221;#ffffff&#8221; text_color=&#8221;#ffffff&#8221; link_color=&#8221;#5dbafc&#8221; link_hover_color=&#8221;#2b3152&#8243; new_tab=&#8221;&#8221; icon_circle=&#8221;&#8221; heading=&#8221;Avaluaci\u00f3 l\u00ednia de producci\u00f3&#8221; text=&#8221;des de l&#8217;arbre fins al producte final, incloent-hi les etapes de processament, transformaci\u00f3, manufactura i distribuci\u00f3.&#8221;][gt3_spacing height=&#8221;86px&#8221;][\/vc_column_inner][\/vc_row_inner][\/vc_column][\/vc_row][vc_row full_width=&#8221;stretch_row&#8221; css=&#8221;.vc_custom_1681721011053{background-color: #fff5f7 !important;}&#8221;][vc_column][gt3_spacing height=&#8221;64px&#8221; responsive_es=&#8221;true&#8221; height_tablet=&#8221;30&#8243; height_mobile=&#8221;30&#8243;][vc_text_separator title=&#8221;QU\u00c8 PODEM OFRERIR-TE?&#8221; title_align=&#8221;separator_align_right&#8221; align=&#8221;align_left&#8221; color=&#8221;custom&#8221; el_width=&#8221;30&#8243; text_separator_custom_color=&#8221;yes&#8221; text_separator_custom_color_value=&#8221;#565b7a&#8221; accent_color=&#8221;#b32e41&#8243;][gt3_spacing height=&#8221;8px&#8221;][vc_column_text]\n<h2>Descobreix tots els nostres <strong>productes<\/strong><\/h2>\n[\/vc_column_text][gt3_spacing height=&#8221;25px&#8221;][gt3_custom_text text_color=&#8221;#777b93&#8243; font_size=&#8221;16&#8243; line_height=&#8221;190&#8243;]<span>A <\/span><span>Carpapsa<\/span><span>\u00a0oferim un ampli ventall de productes: estucats, offsets,\u00a0<\/span><span>foldings<\/span><span>, cartolines, cartonets&#8230;<\/span>[\/gt3_custom_text][gt3_spacing height=&#8221;20px&#8221;][gt3_spacing height=&#8221;30px&#8221;][gt3_button button_title=&#8221;DESCOBREIX ELS NOSTRES PRODUCTES&#8221; button_alignment=&#8221;right&#8221; btn_border_radius=&#8221;3px&#8221; use_theme_button=&#8221;&#8221; btn_bg_color=&#8221;#ffffff&#8221; btn_text_color=&#8221;#2b3152&#8243; btn_bg_color_hover=&#8221;#b32e41&#8243; btn_text_color_hover=&#8221;#ffffff&#8221; btn_icon_color=&#8221;#ffffff&#8221; btn_icon_color_hover=&#8221;#ffffff&#8221; btn_border_color=&#8221;#b32e41&#8243; btn_border_color_hover=&#8221;#b32e41&#8243; link=&#8221;url:https%3A%2F%2Fcarpapsa.com%2F%3Fpage_id%3D3478|title:Productos&#8221; css=&#8221;.vc_custom_1685355393307{padding-top: 15px !important;padding-right: 50px !important;padding-bottom: 14px !important;padding-left: 54px !important;}&#8221;][gt3_spacing height=&#8221;30px&#8221;][\/vc_column][\/vc_row][vc_row][vc_column][gt3_spacing height=&#8221;45px&#8221; responsive_es=&#8221;true&#8221; height_tablet=&#8221;10&#8243; height_mobile=&#8221;10&#8243;][\/vc_column][\/vc_row]\n<\/div>","protected":false},"excerpt":{"rendered":"<p>[vc_row][vc_column width=&#8221;1\/2&#8243; css=&#8221;.vc_custom_1524482790639{padding-right: 12% !important;}&#8221;][vc_text_separator title=&#8221;El nostre comprom\u00eds&#8221; title_align=&#8221;separator_align_right&#8221; align=&#8221;align_left&#8221; color=&#8221;custom&#8221; el_width=&#8221;40&#8243; text_separator_custom_color=&#8221;yes&#8221; text_separator_custom_color_value=&#8221;#565b7a&#8221; accent_color=&#8221;#b32e41&#8243;][gt3_spacing height=&#8221;6px&#8221;][vc_column_text] Carpapsa, compromesos amb el medi ambient [\/vc_column_text][gt3_spacing height=&#8221;24px&#8221;][gt3_custom_text text_color=&#8221;#777b93&#8243; font_size=&#8221;16&#8243; line_height=&#8221;190&#8243;] Carpapsa\u00a0va iniciar la seva activitat en 1985 i, des de llavors, considerem que la nostra missi\u00f3 no pot obviar el comprom\u00eds amb el medi ambient. \u00c9s per aquest [&hellip;]<\/p>\n","protected":false},"author":1,"featured_media":0,"parent":0,"menu_order":0,"comment_status":"closed","ping_status":"closed","template":"","meta":{"footnotes":""},"class_list":["post-3967","page","type-page","status-publish","hentry"],"_links":{"self":[{"href":"https:\/\/carpapsa.com\/ca\/wp-json\/wp\/v2\/pages\/3967","targetHints":{"allow":["GET"]}}],"collection":[{"href":"https:\/\/carpapsa.com\/ca\/wp-json\/wp\/v2\/pages"}],"about":[{"href":"https:\/\/carpapsa.com\/ca\/wp-json\/wp\/v2\/types\/page"}],"author":[{"embeddable":true,"href":"https:\/\/carpapsa.com\/ca\/wp-json\/wp\/v2\/users\/1"}],"replies":[{"embeddable":true,"href":"https:\/\/carpapsa.com\/ca\/wp-json\/wp\/v2\/comments?post=3967"}],"version-history":[{"count":10,"href":"https:\/\/carpapsa.com\/ca\/wp-json\/wp\/v2\/pages\/3967\/revisions"}],"predecessor-version":[{"id":4250,"href":"https:\/\/carpapsa.com\/ca\/wp-json\/wp\/v2\/pages\/3967\/revisions\/4250"}],"wp:attachment":[{"href":"https:\/\/carpapsa.com\/ca\/wp-json\/wp\/v2\/media?parent=3967"}],"curies":[{"name":"wp","href":"https:\/\/api.w.org\/{rel}","templated":true}]}}