{"id":3970,"date":"2023-04-04T18:34:03","date_gmt":"2023-04-04T16:34:03","guid":{"rendered":"https:\/\/carpapsa.com\/productos\/"},"modified":"2023-06-16T12:43:14","modified_gmt":"2023-06-16T10:43:14","slug":"productes","status":"publish","type":"page","link":"https:\/\/carpapsa.com\/ca\/productes\/","title":{"rendered":"Productes"},"content":{"rendered":"<div class=\"wpb-content-wrapper\">[vc_row][vc_column][vc_text_separator title=&#8221;QU\u00c8 PODEM OFERIR-TE?&#8221; title_align=&#8221;separator_align_right&#8221; align=&#8221;align_left&#8221; el_width=&#8221;30&#8243; text_separator_custom_color=&#8221;yes&#8221; text_separator_custom_color_value=&#8221;#565b7a&#8221;][gt3_spacing height=&#8221;8px&#8221;][vc_column_text]\n<h2>Descobreix tots els nostres <strong>productes<\/strong><\/h2>\n[\/vc_column_text][gt3_spacing height=&#8221;50px&#8221;][\/vc_column][\/vc_row][vc_row][vc_column width=&#8221;1\/3&#8243; el_class=&#8221;custom_icon_services_01&#8243;][vc_single_image image=&#8221;3952&#8243; img_size=&#8221;full&#8221;][gt3_spacing height=&#8221;20px&#8221;][vc_column_text]\n<p style=\"text-align: center;\"><a href=\"https:\/\/carpapsa.com\/productos\/folding\/\" title=\"Folding\"><strong>FOLDING (GC1+GC2+GC4)<\/strong><\/a><\/p>\n[\/vc_column_text][gt3_spacing height=&#8221;50px&#8221;][\/vc_column][vc_column width=&#8221;1\/3&#8243; el_class=&#8221;custom_icon_services_01&#8243;][vc_single_image image=&#8221;3715&#8243; img_size=&#8221;full&#8221;][gt3_spacing height=&#8221;20px&#8221;][vc_column_text]\n<p style=\"text-align: center;\"><a href=\"https:\/\/carpapsa.com\/productos\/cartulinas-graficas\/\" title=\"Cartulinas gr\u00e1ficas\"><strong>CARTOLINES GR\u00c0FIQUES<\/strong><\/a><\/p>\n[\/vc_column_text][gt3_spacing height=&#8221;50px&#8221;][\/vc_column][vc_column width=&#8221;1\/3&#8243; el_class=&#8221;custom_icon_services_01&#8243;][vc_single_image image=&#8221;3716&#8243; img_size=&#8221;full&#8221;][gt3_spacing height=&#8221;20px&#8221;][vc_column_text]\n<p style=\"text-align: center;\"><a href=\"https:\/\/carpapsa.com\/productos\/graficos\/\" title=\"Gr\u00e1ficos\"><strong>GR\u00c0FICS<\/strong><\/a><\/p>\n[\/vc_column_text][gt3_spacing height=&#8221;50px&#8221;][\/vc_column][\/vc_row][vc_row][vc_column width=&#8221;1\/3&#8243; el_class=&#8221;custom_icon_services_01&#8243;][vc_single_image image=&#8221;3717&#8243; img_size=&#8221;full&#8221;][gt3_spacing height=&#8221;20px&#8221;][vc_column_text]\n<p style=\"text-align: center;\"><a href=\"https:\/\/carpapsa.com\/productos\/kraftliner\/\" title=\"KRAFTLINER\"><strong>KRAFTLINER<\/strong><\/a><\/p>\n[\/vc_column_text][gt3_spacing height=&#8221;50px&#8221;][\/vc_column][vc_column width=&#8221;1\/3&#8243; el_class=&#8221;custom_icon_services_01&#8243;][vc_single_image image=&#8221;3719&#8243; img_size=&#8221;full&#8221;][gt3_spacing height=&#8221;20px&#8221;][vc_column_text]\n<p style=\"text-align: center;\"><a href=\"https:\/\/carpapsa.com\/productos\/reciclados\/\" title=\"Reciclados\"><strong>RECICLATS<\/strong><\/a><\/p>\n[\/vc_column_text][gt3_spacing height=&#8221;50px&#8221;][\/vc_column][vc_column width=&#8221;1\/3&#8243; el_class=&#8221;custom_icon_services_01&#8243;][vc_single_image image=&#8221;4018&#8243; img_size=&#8221;full&#8221;][gt3_spacing height=&#8221;20px&#8221;][vc_column_text]\n<p style=\"text-align: center;\"><a href=\"https:\/\/carpapsa.com\/productos\/naturale\/\" title=\"Naturale\"><strong>NATURALE<\/strong><\/a><\/p>\n[\/vc_column_text][gt3_spacing height=&#8221;50px&#8221;][\/vc_column][\/vc_row][vc_row full_width=&#8221;stretch_row&#8221; css=&#8221;.vc_custom_1685348896909{background-color: #fff5f7 !important;}&#8221;][vc_column width=&#8221;1\/3&#8243;][gt3_spacing height=&#8221;65px&#8221;][vc_single_image image=&#8221;3524&#8243; img_size=&#8221;full&#8221;][\/vc_column][vc_column width=&#8221;2\/3&#8243;][gt3_spacing height=&#8221;35px&#8221;][vc_text_separator title=&#8221;Certificacions&#8221; title_align=&#8221;separator_align_right&#8221; align=&#8221;align_left&#8221; color=&#8221;custom&#8221; el_width=&#8221;40&#8243; text_separator_custom_color=&#8221;yes&#8221; text_separator_custom_color_value=&#8221;#565b7a&#8221; accent_color=&#8221;#b32e41&#8243;][gt3_spacing height=&#8221;6px&#8221;][vc_column_text]\n<h2><strong>Certificacions<\/strong> que ens avalen<\/h2>\n[\/vc_column_text][gt3_spacing height=&#8221;24px&#8221;][gt3_custom_text text_color=&#8221;#777b93&#8243; font_size=&#8221;16&#8243; line_height=&#8221;190&#8243;]\n<p style=\"text-align: justify;\"><span>A <\/span><strong>Carpapsa<\/strong><span>\u00a0sempre hem apostat per cr\u00e9ixer sense perjudicar el medi ambient, comprometent-nos a treballar sempre d&#8217;aquesta manera. Per a demostrar-ho, hem obtingut la <strong>certificaci\u00f3\u00a0<\/strong><\/span><strong>PEFC\u00a0i\u00a0FSC<\/strong><span><strong>\u00a0\u00ae<\/strong>. Ambdues garanteixen que els productes forestals que utilitzem procedeixen de boscos gestionats sosteniblement. De fet,\u00a0<\/span><span>PEFC<\/span><span>\u00a0i\u00a0<\/span><span>FSC<\/span><span>\u00a0\u00ae distingeix amb el seu segell als productes procedents de boscos certificats i que han estat sotmesos a estrictes controls en el seu proc\u00e9s de producci\u00f3, a trav\u00e9s de la cadena de cust\u00f2dia.<\/span><\/p>\n[\/gt3_custom_text][gt3_spacing height=&#8221;45px&#8221;][gt3_button button_title=&#8221;CERTIFICACIONS&#8221; button_alignment=&#8221;left&#8221; btn_border_radius=&#8221;3px&#8221; use_theme_button=&#8221;&#8221; btn_bg_color=&#8221;#ffffff&#8221; btn_text_color=&#8221;#2b3152&#8243; btn_bg_color_hover=&#8221;#b32e41&#8243; btn_text_color_hover=&#8221;#ffffff&#8221; btn_icon_color=&#8221;#ffffff&#8221; btn_icon_color_hover=&#8221;#ffffff&#8221; btn_border_color=&#8221;#b32e41&#8243; btn_border_color_hover=&#8221;#b32e41&#8243; link=&#8221;url:https%3A%2F%2Fcarpapsa.com%2Fca%2Fsostenibilitat%2F|title:Sostenibilidad&#8221; css=&#8221;.vc_custom_1685355741214{padding-top: 15px !important;padding-right: 50px !important;padding-bottom: 14px !important;padding-left: 54px !important;}&#8221;][gt3_spacing height=&#8221;45px&#8221;][\/vc_column][\/vc_row]\n<\/div>","protected":false},"excerpt":{"rendered":"<p>[vc_row][vc_column][vc_text_separator title=&#8221;QU\u00c8 PODEM OFERIR-TE?&#8221; title_align=&#8221;separator_align_right&#8221; align=&#8221;align_left&#8221; el_width=&#8221;30&#8243; text_separator_custom_color=&#8221;yes&#8221; text_separator_custom_color_value=&#8221;#565b7a&#8221;][gt3_spacing height=&#8221;8px&#8221;][vc_column_text] Descobreix tots els nostres productes [\/vc_column_text][gt3_spacing height=&#8221;50px&#8221;][\/vc_column][\/vc_row][vc_row][vc_column width=&#8221;1\/3&#8243; el_class=&#8221;custom_icon_services_01&#8243;][vc_single_image image=&#8221;3952&#8243; img_size=&#8221;full&#8221;][gt3_spacing height=&#8221;20px&#8221;][vc_column_text] FOLDING (GC1+GC2+GC4) [\/vc_column_text][gt3_spacing height=&#8221;50px&#8221;][\/vc_column][vc_column width=&#8221;1\/3&#8243; el_class=&#8221;custom_icon_services_01&#8243;][vc_single_image image=&#8221;3715&#8243; img_size=&#8221;full&#8221;][gt3_spacing height=&#8221;20px&#8221;][vc_column_text] CARTOLINES GR\u00c0FIQUES [\/vc_column_text][gt3_spacing height=&#8221;50px&#8221;][\/vc_column][vc_column width=&#8221;1\/3&#8243; el_class=&#8221;custom_icon_services_01&#8243;][vc_single_image image=&#8221;3716&#8243; img_size=&#8221;full&#8221;][gt3_spacing height=&#8221;20px&#8221;][vc_column_text] GR\u00c0FICS [\/vc_column_text][gt3_spacing height=&#8221;50px&#8221;][\/vc_column][\/vc_row][vc_row][vc_column width=&#8221;1\/3&#8243; el_class=&#8221;custom_icon_services_01&#8243;][vc_single_image image=&#8221;3717&#8243; img_size=&#8221;full&#8221;][gt3_spacing height=&#8221;20px&#8221;][vc_column_text] KRAFTLINER [\/vc_column_text][gt3_spacing height=&#8221;50px&#8221;][\/vc_column][vc_column width=&#8221;1\/3&#8243; el_class=&#8221;custom_icon_services_01&#8243;][vc_single_image image=&#8221;3719&#8243; img_size=&#8221;full&#8221;][gt3_spacing [&hellip;]<\/p>\n","protected":false},"author":1,"featured_media":0,"parent":0,"menu_order":0,"comment_status":"closed","ping_status":"closed","template":"full-width.php","meta":{"footnotes":""},"class_list":["post-3970","page","type-page","status-publish","hentry"],"_links":{"self":[{"href":"https:\/\/carpapsa.com\/ca\/wp-json\/wp\/v2\/pages\/3970","targetHints":{"allow":["GET"]}}],"collection":[{"href":"https:\/\/carpapsa.com\/ca\/wp-json\/wp\/v2\/pages"}],"about":[{"href":"https:\/\/carpapsa.com\/ca\/wp-json\/wp\/v2\/types\/page"}],"author":[{"embeddable":true,"href":"https:\/\/carpapsa.com\/ca\/wp-json\/wp\/v2\/users\/1"}],"replies":[{"embeddable":true,"href":"https:\/\/carpapsa.com\/ca\/wp-json\/wp\/v2\/comments?post=3970"}],"version-history":[{"count":4,"href":"https:\/\/carpapsa.com\/ca\/wp-json\/wp\/v2\/pages\/3970\/revisions"}],"predecessor-version":[{"id":4025,"href":"https:\/\/carpapsa.com\/ca\/wp-json\/wp\/v2\/pages\/3970\/revisions\/4025"}],"wp:attachment":[{"href":"https:\/\/carpapsa.com\/ca\/wp-json\/wp\/v2\/media?parent=3970"}],"curies":[{"name":"wp","href":"https:\/\/api.w.org\/{rel}","templated":true}]}}