{"id":4004,"date":"2023-04-04T18:30:17","date_gmt":"2023-04-04T16:30:17","guid":{"rendered":"https:\/\/carpapsa.com\/inicio\/"},"modified":"2024-03-13T07:55:38","modified_gmt":"2024-03-13T06:55:38","slug":"inicio","status":"publish","type":"page","link":"https:\/\/carpapsa.com\/ca\/","title":{"rendered":"Inici"},"content":{"rendered":"<div class=\"wpb-content-wrapper\">[vc_row full_width=&#8221;stretch_row&#8221; css=&#8221;.vc_custom_1681720742238{margin-top: -80px !important;background: #b32e41 url(https:\/\/livewp.site\/wp\/md\/sunergy\/wp-content\/uploads\/sites\/2\/2018\/04\/gradient-1.png?id=2249) !important;background-position: center !important;background-repeat: no-repeat !important;background-size: cover !important;}&#8221;][vc_column css=&#8221;.vc_custom_1523865226992{padding-top: 57px !important;padding-right: 0px !important;padding-bottom: 60px !important;padding-left: 0px !important;}&#8221;][vc_cta h2=&#8221;Carpapsa, respectuosos <span> amb el medi ambient<\/span>&#8221; h2_font_container=&#8221;tag:h2|text_align:left|color:%23ffffff&#8221; h2_use_theme_fonts=&#8221;yes&#8221; shape=&#8221;square&#8221; style=&#8221;custom&#8221; add_button=&#8221;right&#8221; btn_title=&#8221;Contacta&#8221; btn_style=&#8221;outline-custom&#8221; btn_outline_custom_color=&#8221;#ffffff&#8221; btn_outline_custom_hover_background=&#8221;#fff5f7&#8243; btn_outline_custom_hover_text=&#8221;#b32e41&#8243; btn_size=&#8221;sm&#8221; use_custom_fonts_h2=&#8221;true&#8221; custom_background=&#8221;rgba(91,180,243,0.01)&#8221; btn_link=&#8221;url:https%3A%2F%2Fcarpapsa.com%2Fca%2Fcontacte%2F|title:Contacte&#8221;][\/vc_cta][\/vc_column][\/vc_row][vc_row][vc_column][gt3_spacing height=&#8221;20px&#8221; responsive_es=&#8221;true&#8221; height_tablet=&#8221;20&#8243; height_mobile=&#8221;20&#8243;][\/vc_column][\/vc_row][vc_row css=&#8221;.vc_custom_1523000137455{background-image: url(https:\/\/livewp.site\/wp\/md\/sunergy\/wp-content\/uploads\/sites\/2\/2018\/04\/bg_01_01.png?id=2009) !important;background-position: center !important;background-repeat: no-repeat !important;background-size: cover !important;}&#8221;][vc_column width=&#8221;1\/2&#8243;][vc_text_separator title=&#8221;NOSALTRES&#8221; title_align=&#8221;separator_align_right&#8221; align=&#8221;align_left&#8221; color=&#8221;custom&#8221; el_width=&#8221;30&#8243; text_separator_custom_color=&#8221;yes&#8221; text_separator_custom_color_value=&#8221;#565b7a&#8221; accent_color=&#8221;#b32e41&#8243;][gt3_spacing height=&#8221;6px&#8221;][vc_column_text]\n<h2>Coneix a <strong>Carpapsa<\/strong><\/h2>\n[\/vc_column_text][gt3_spacing height=&#8221;25px&#8221;][vc_row_inner][vc_column_inner css=&#8221;.vc_custom_1523867294419{padding-right: 8% !important;}&#8221;][vc_column_text]\n<p style=\"text-align: justify;\"><strong>Carpapsa<\/strong><span>\u00a0va iniciar la seva activitat\u00a0en 1985. Des de llavors ens hem especialitzat en el subministrament de papers i cartons per a les arts gr\u00e0fiques oferint als nostres clients <strong>una\u00a0\u00e0mplia gamma de productes de qualitat.<\/strong><\/span><\/p>\n<p><span>La nostra finalitat \u00e9s la d&#8217;oferir un servei complet als nostres clients que garanteixi la m\u00e0xima serietat en els processos de comercialitzaci\u00f3, magatzematge i distribuci\u00f3 del paper i el cartr\u00f3.<\/span><\/p>\n[\/vc_column_text][\/vc_column_inner][\/vc_row_inner][gt3_spacing height=&#8221;30px&#8221;][gt3_button button_title=&#8221;CONEIX-NOS&#8221; btn_border_radius=&#8221;3px&#8221; use_theme_button=&#8221;&#8221; btn_bg_color=&#8221;rgba(255,255,255,0.01)&#8221; btn_text_color=&#8221;#000000&#8243; btn_bg_color_hover=&#8221;#b32e41&#8243; btn_text_color_hover=&#8221;#ffffff&#8221; btn_icon_color=&#8221;#ffffff&#8221; btn_icon_color_hover=&#8221;#ffffff&#8221; btn_border_color=&#8221;#b32e41&#8243; btn_border_color_hover=&#8221;#b32e41&#8243; css=&#8221;.vc_custom_1685360383600{padding-top: 21px !important;padding-right: 45px !important;padding-bottom: 19px !important;padding-left: 45px !important;}&#8221; link=&#8221;url:https%3A%2F%2Fcarpapsa.com%2Fca%2Fnosaltres%2F|title:Con%C3%B3cenos&#8221;][\/vc_column][vc_column width=&#8221;1\/2&#8243;][gt3_spacing height=&#8221;20px&#8221; responsive_es=&#8221;true&#8221; height_tablet=&#8221;20&#8243; height_mobile=&#8221;20&#8243;][vc_single_image image=&#8221;3584&#8243; img_size=&#8221;full&#8221;][\/vc_column][\/vc_row][vc_row][vc_column][gt3_spacing height=&#8221;50px&#8221; responsive_es=&#8221;true&#8221; height_tablet=&#8221;40&#8243; height_mobile=&#8221;40&#8243;][\/vc_column][\/vc_row][vc_row full_width=&#8221;stretch_row&#8221; css=&#8221;.vc_custom_1681720417536{background-color: #fff5f7 !important;}&#8221;][vc_column][gt3_spacing height=&#8221;20px&#8221; responsive_es=&#8221;true&#8221; height_tablet=&#8221;60&#8243; height_mobile=&#8221;60&#8243;][vc_text_separator title=&#8221;PRODUCTES&#8221; title_align=&#8221;separator_align_right&#8221; align=&#8221;align_left&#8221; color=&#8221;custom&#8221; el_width=&#8221;30&#8243; text_separator_custom_color=&#8221;yes&#8221; text_separator_custom_color_value=&#8221;#565b7a&#8221; accent_color=&#8221;#b32e41&#8243;][gt3_spacing height=&#8221;6px&#8221;][vc_column_text]\n<h2>Descobreix el nostre <strong>cat\u00e0leg de productes<\/strong><\/h2>\n[\/vc_column_text][gt3_spacing height=&#8221;25px&#8221;][gt3_custom_text text_color=&#8221;#777b93&#8243; font_size=&#8221;16&#8243; line_height=&#8221;190&#8243;]\n<p style=\"text-align: justify;\"><span>A\u00a0<\/span><span>Carpapsa<\/span><span>\u00a0oferim un ampli ventall de productes: estucats, offsets,\u00a0<\/span><span>foldings<\/span><span>, cartolines, cartonets\u2026<\/span><\/p>\n[\/gt3_custom_text][gt3_spacing height=&#8221;20px&#8221;][gt3_button button_title=&#8221;DESCOBREIX ELS NOSTRES PRODUCTES&#8221; button_alignment=&#8221;right&#8221; btn_border_radius=&#8221;3px&#8221; use_theme_button=&#8221;&#8221; btn_bg_color=&#8221;rgba(255,255,255,0.01)&#8221; btn_text_color=&#8221;#000000&#8243; btn_bg_color_hover=&#8221;#b32e41&#8243; btn_text_color_hover=&#8221;#ffffff&#8221; btn_icon_color=&#8221;#ffffff&#8221; btn_icon_color_hover=&#8221;#ffffff&#8221; btn_border_color=&#8221;#b32e41&#8243; btn_border_color_hover=&#8221;#b32e41&#8243; css=&#8221;.vc_custom_1685360459503{padding-top: 21px !important;padding-right: 45px !important;padding-bottom: 19px !important;padding-left: 45px !important;}&#8221; link=&#8221;url:https%3A%2F%2Fcarpapsa.com%2Fca%2Fproductes%2F|title:Productos&#8221;][gt3_spacing height=&#8221;30px&#8221;][\/vc_column][\/vc_row][vc_row full_width=&#8221;stretch_row_content&#8221; equal_height=&#8221;yes&#8221; content_placement=&#8221;middle&#8221;][vc_column css_animation=&#8221;none&#8221; width=&#8221;1\/2&#8243; css=&#8221;.vc_custom_1681289063941{padding-top: 0px !important;padding-right: 10% !important;padding-bottom: 0px !important;padding-left: 10% !important;background-image: url(http:\/\/carpapsa.com\/wp-content\/uploads\/2023\/04\/Carpapsa-Productos.jpg?id=3587) !important;background-position: center !important;background-repeat: no-repeat !important;background-size: cover !important;}&#8221;][vc_row_inner css=&#8221;.vc_custom_1523000337403{padding-top: 50px !important;padding-bottom: 50px !important;}&#8221;][vc_column_inner offset=&#8221;vc_col-lg-10&#8243;][gt3_spacing height=&#8221;300px&#8221;][\/vc_column_inner][vc_column_inner width=&#8221;1\/6&#8243; offset=&#8221;vc_hidden-md vc_hidden-sm vc_hidden-xs&#8221;][\/vc_column_inner][\/vc_row_inner][\/vc_column][vc_column css_animation=&#8221;none&#8221; width=&#8221;1\/2&#8243; css=&#8221;.vc_custom_1681720724472{padding-right: 8% !important;padding-left: 9% !important;background: #b32e41 url(https:\/\/livewp.site\/wp\/md\/sunergy\/wp-content\/uploads\/sites\/2\/2018\/04\/gradient-1.png?id=2249) !important;background-position: center !important;background-repeat: no-repeat !important;background-size: cover !important;}&#8221;][gt3_spacing height=&#8221;40px&#8221; responsive_es=&#8221;true&#8221; height_tablet=&#8221;40&#8243; height_mobile=&#8221;40&#8243;][vc_row_inner][vc_column_inner offset=&#8221;vc_col-lg-9 vc_col-md-12&#8243;][vc_text_separator title=&#8221;Oferim molt m\u00e9s&#8221; title_align=&#8221;separator_align_right&#8221; align=&#8221;align_left&#8221; color=&#8221;custom&#8221; el_width=&#8221;30&#8243; text_separator_custom_color=&#8221;yes&#8221; text_separator_custom_color_value=&#8221;#ffffff&#8221; accent_color=&#8221;#ffffff&#8221;][gt3_spacing height=&#8221;6px&#8221;][vc_column_text]\n<h2><span style=\"color: #ffffff;\">Per qu\u00e8 <strong>CARPAPSA?<\/strong><\/span><\/h2>\n[\/vc_column_text][gt3_spacing height=&#8221;25px&#8221;][gt3_custom_text text_color=&#8221;#ffffff&#8221; font_size=&#8221;16&#8243; line_height=&#8221;190&#8243;]\n<p style=\"text-align: justify;\"><span>Ara i en el futur\u00a0<\/span><a href=\"https:\/\/carpapsa.com\/ca\/nosaltres\/\"><span>Carpapsa<\/span><\/a><span>\u00a0continuar\u00e0\u00a0fomentant les mesures que\u00a0demostrin el nostre respecte pel medi ambient i la\u00a0sostenibilitat.<\/span><\/p>\n[\/gt3_custom_text][gt3_spacing height=&#8221;30px&#8221;][\/vc_column_inner][vc_column_inner width=&#8221;1\/4&#8243; offset=&#8221;vc_hidden-md vc_hidden-sm vc_hidden-xs&#8221;][\/vc_column_inner][\/vc_row_inner][vc_row_inner][vc_column_inner width=&#8221;1\/2&#8243; offset=&#8221;vc_col-md-5&#8243;][gt3_icon_box icon_type=&#8221;number&#8221; icon_position=&#8221;left&#8221; icon_size=&#8221;regular&#8221; icon_color=&#8221;rgba(255,255,255,0.2)&#8221; title_tag=&#8221;h2&#8243; iconbox_title_size=&#8221;18&#8243; iconbox_content_size=&#8221;14&#8243; title_color=&#8221;#ffffff&#8221; text_color=&#8221;#ffffff&#8221; link_color=&#8221;#5dbafc&#8221; link_hover_color=&#8221;#2b3152&#8243; new_tab=&#8221;&#8221; icon_circle=&#8221;&#8221; heading=&#8221;Millores constants&#8221; text=&#8221;Incrementem l&#8217;oferta de productes i serveis de manera constant.&#8221; number=&#8221;01&#8243;][gt3_spacing height=&#8221;35px&#8221;][\/vc_column_inner][vc_column_inner width=&#8221;1\/2&#8243; offset=&#8221;vc_col-md-5&#8243;][gt3_icon_box icon_type=&#8221;number&#8221; icon_position=&#8221;left&#8221; icon_size=&#8221;regular&#8221; icon_color=&#8221;rgba(255,255,255,0.2)&#8221; title_tag=&#8221;h2&#8243; iconbox_title_size=&#8221;18&#8243; iconbox_content_size=&#8221;14&#8243; title_color=&#8221;#ffffff&#8221; text_color=&#8221;#ffffff&#8221; link_color=&#8221;#5dbafc&#8221; link_hover_color=&#8221;#2b3152&#8243; new_tab=&#8221;&#8221; icon_circle=&#8221;&#8221; heading=&#8221;Valor afegit&#8221; text=&#8221;El nostre servei de magatzem permet fer lliuraments d&#8217;entre 3 fins a 12 hores.&#8221; number=&#8221;02&#8243;][gt3_spacing height=&#8221;35px&#8221;][\/vc_column_inner][vc_column_inner width=&#8221;1\/6&#8243; offset=&#8221;vc_col-md-2 vc_hidden-sm vc_hidden-xs&#8221;][\/vc_column_inner][\/vc_row_inner][vc_row_inner][vc_column_inner width=&#8221;1\/2&#8243; offset=&#8221;vc_col-md-5&#8243;][gt3_icon_box icon_type=&#8221;number&#8221; icon_position=&#8221;left&#8221; icon_size=&#8221;regular&#8221; icon_color=&#8221;rgba(255,255,255,0.2)&#8221; title_tag=&#8221;h2&#8243; iconbox_title_size=&#8221;18&#8243; iconbox_content_size=&#8221;14&#8243; title_color=&#8221;#ffffff&#8221; text_color=&#8221;#ffffff&#8221; link_color=&#8221;#5dbafc&#8221; link_hover_color=&#8221;#2b3152&#8243; new_tab=&#8221;&#8221; icon_circle=&#8221;&#8221; heading=&#8221;Atenci\u00f3 personalitzada&#8221; text=&#8221;A Carpapsa ens encarreguem de l&#8217;assessorament al client i la gesti\u00f3 de les comandes.&#8221; number=&#8221;03&#8243;][gt3_spacing height=&#8221;47px&#8221; responsive_es=&#8221;true&#8221; height_mobile=&#8221;35&#8243;][\/vc_column_inner][vc_column_inner width=&#8221;1\/2&#8243; offset=&#8221;vc_col-md-5&#8243;][gt3_icon_box icon_type=&#8221;number&#8221; icon_position=&#8221;left&#8221; icon_size=&#8221;regular&#8221; icon_color=&#8221;rgba(255,255,255,0.2)&#8221; title_tag=&#8221;h2&#8243; iconbox_title_size=&#8221;18&#8243; iconbox_content_size=&#8221;14&#8243; title_color=&#8221;#ffffff&#8221; text_color=&#8221;#ffffff&#8221; link_color=&#8221;#5dbafc&#8221; link_hover_color=&#8221;#2b3152&#8243; new_tab=&#8221;&#8221; icon_circle=&#8221;&#8221; heading=&#8221;Gesti\u00f3 de la cadena de cust\u00f2dia&#8221; text=&#8221;Treballem cada dia en la posada en marxa d&#8217;accions que protegeixin el medi ambient.&#8221; number=&#8221;04&#8243;][gt3_spacing height=&#8221;47px&#8221;][\/vc_column_inner][vc_column_inner width=&#8221;1\/6&#8243; offset=&#8221;vc_col-md-2 vc_hidden-sm vc_hidden-xs&#8221;][\/vc_column_inner][\/vc_row_inner][gt3_spacing height=&#8221;20px&#8221;][\/vc_column][\/vc_row]\n<\/div>","protected":false},"excerpt":{"rendered":"<p>[vc_row full_width=&#8221;stretch_row&#8221; css=&#8221;.vc_custom_1681720742238{margin-top: -80px !important;background: #b32e41 url(https:\/\/livewp.site\/wp\/md\/sunergy\/wp-content\/uploads\/sites\/2\/2018\/04\/gradient-1.png?id=2249) !important;background-position: center !important;background-repeat: no-repeat !important;background-size: cover !important;}&#8221;][vc_column css=&#8221;.vc_custom_1523865226992{padding-top: 57px !important;padding-right: 0px !important;padding-bottom: 60px !important;padding-left: 0px !important;}&#8221;][vc_cta h2=&#8221;Carpapsa, respectuosos amb el medi ambient&#8221; h2_font_container=&#8221;tag:h2|text_align:left|color:%23ffffff&#8221; h2_use_theme_fonts=&#8221;yes&#8221; shape=&#8221;square&#8221; style=&#8221;custom&#8221; add_button=&#8221;right&#8221; btn_title=&#8221;Contacta&#8221; btn_style=&#8221;outline-custom&#8221; btn_outline_custom_color=&#8221;#ffffff&#8221; btn_outline_custom_hover_background=&#8221;#fff5f7&#8243; btn_outline_custom_hover_text=&#8221;#b32e41&#8243; btn_size=&#8221;sm&#8221; use_custom_fonts_h2=&#8221;true&#8221; custom_background=&#8221;rgba(91,180,243,0.01)&#8221; btn_link=&#8221;url:https%3A%2F%2Fcarpapsa.com%2Fca%2Fcontacte%2F|title:Contacte&#8221;][\/vc_cta][\/vc_column][\/vc_row][vc_row][vc_column][gt3_spacing height=&#8221;20px&#8221; responsive_es=&#8221;true&#8221; height_tablet=&#8221;20&#8243; height_mobile=&#8221;20&#8243;][\/vc_column][\/vc_row][vc_row css=&#8221;.vc_custom_1523000137455{background-image: url(https:\/\/livewp.site\/wp\/md\/sunergy\/wp-content\/uploads\/sites\/2\/2018\/04\/bg_01_01.png?id=2009) !important;background-position: center !important;background-repeat: no-repeat !important;background-size: cover [&hellip;]<\/p>\n","protected":false},"author":1,"featured_media":0,"parent":0,"menu_order":0,"comment_status":"closed","ping_status":"closed","template":"full-width.php","meta":{"footnotes":""},"class_list":["post-4004","page","type-page","status-publish","hentry"],"_links":{"self":[{"href":"https:\/\/carpapsa.com\/ca\/wp-json\/wp\/v2\/pages\/4004","targetHints":{"allow":["GET"]}}],"collection":[{"href":"https:\/\/carpapsa.com\/ca\/wp-json\/wp\/v2\/pages"}],"about":[{"href":"https:\/\/carpapsa.com\/ca\/wp-json\/wp\/v2\/types\/page"}],"author":[{"embeddable":true,"href":"https:\/\/carpapsa.com\/ca\/wp-json\/wp\/v2\/users\/1"}],"replies":[{"embeddable":true,"href":"https:\/\/carpapsa.com\/ca\/wp-json\/wp\/v2\/comments?post=4004"}],"version-history":[{"count":4,"href":"https:\/\/carpapsa.com\/ca\/wp-json\/wp\/v2\/pages\/4004\/revisions"}],"predecessor-version":[{"id":4197,"href":"https:\/\/carpapsa.com\/ca\/wp-json\/wp\/v2\/pages\/4004\/revisions\/4197"}],"wp:attachment":[{"href":"https:\/\/carpapsa.com\/ca\/wp-json\/wp\/v2\/media?parent=4004"}],"curies":[{"name":"wp","href":"https:\/\/api.w.org\/{rel}","templated":true}]}}