{"id":4008,"date":"2023-03-31T12:12:07","date_gmt":"2023-03-31T10:12:07","guid":{"rendered":"https:\/\/carpapsa.com\/politica-privacidad\/"},"modified":"2023-05-29T14:39:07","modified_gmt":"2023-05-29T12:39:07","slug":"politica-privacitat","status":"publish","type":"page","link":"https:\/\/carpapsa.com\/ca\/politica-privacitat\/","title":{"rendered":"Pol\u00edtica de privacitat"},"content":{"rendered":"<p><center><em>IMPORTANT:<br \/>\n<span>L&#8217;acc\u00e9s i navegaci\u00f3 per carpapsa.com i\/o l&#8217;\u00fas dels serveis oferts en aquest lloc implica que l&#8217;usuari accepta la\u00a0<\/span><span>pol\u00edtica de<\/span><span>\u00a0privacitat, l&#8217;av\u00eds legal i les condicions d&#8217;\u00fas d&#8217;aquest servei. En cas de no acceptar-los, no ha d&#8217;usar carpapsa.com.<\/span>.<\/em><\/center>&nbsp;<\/p>\n<p style=\"text-align: justify;\"><em>AVIS:<\/em><\/p>\n<p style=\"text-align: justify;\"><span>Aquesta p\u00e0gina nom\u00e9s aplica al lloc que es troba sota el domini i subdomini carpapsa.com.<\/span><\/p>\n<p style=\"text-align: justify;\"><em>NOTICE:<\/em><\/p>\n<p style=\"text-align: justify;\">This page only applies to the site under the domain and subdomain of carpapsa.com.<\/p>\n<h3 style=\"text-align: justify;\">AVIS LEGAL<\/h3>\n<p style=\"text-align: justify;\"><span>El prop\u00f2sit d&#8217;aquest av\u00eds legal s&#8217;informar els usuaris de www.carpapsa.com, domiciliada\u00a0<\/span><span>envBarcelona<\/span><span>, el Responsable del fitxer \u00e9s (<\/span><span>CARPAPSA)<\/span><span>, de qu\u00e8 la hi pol\u00edtica de protecci\u00f3 de la\u00a0<\/span><span>prvacitat<\/span><span>\u00a0i confidencialitat de les dades de\u00a0<\/span><span>c\u00e1racter<\/span><span>\u00a0personal que els usuaris ens faciliten de manera lliure i volunt\u00e0ria.<\/span><\/p>\n<p><span>La recollida i tractament\u00a0<\/span><span>automatitat<\/span><span>\u00a0de les dades de car\u00e0cter personal t\u00e9 com a finalitat principal el poder utilitzar la informaci\u00f3 que els usuaris ens sol\u00b7liciten a trav\u00e9s d&#8217;aquesta via.<\/span><\/p>\n<p><span>Els destinataris d&#8217;aquesta informaci\u00f3 \u00fanicament seran els departaments en els quals s&#8217;organitza (<\/span><span>CARPAPSA)<\/span><span>\u00a0i ens col\u00b7laboradors oportuns per al desenvolupament de les seves atribucions i objecte social (que \u00fanicament accedeixen a les dades ens suposats establerts en l&#8217;art. 12\u00a0<\/span><span>LOPD<\/span><span>, sense que aix\u00f2 comporti en cap cas una comunicaci\u00f3 de les dades), aix\u00ed com la cessi\u00f3 a les entitats p\u00fabliques o privades que la Llei exigeixi.<\/span><\/p>\n<p><span>Tots els camps del formulari en l\u00ednia hauran d&#8217;emplenar per a poder fer efectiva la sol\u00b7licitud d&#8217;informaci\u00f3 que ens demana l&#8217;usuari.<\/span><\/p>\n<p><span>En el per\u00edode de temps que transcorri entre la sol\u00b7licitud de consulta i la nostra resposta, es garanteix l&#8217;exercici dels drets d&#8217;acc\u00e9s, cancel\u00b7laci\u00f3, rectificaci\u00f3, oposici\u00f3 de l&#8217;usuari a les seves dades de car\u00e0cter personal que formin part del nostre fitxer. Per a dur-ho a terme hauran de dirigir la seva sol\u00b7licitud a trav\u00e9s de correu electr\u00f2nic info@carpapsa.com o b\u00e9 a l&#8217;adre\u00e7a postal<\/span><\/p>\n<p><span>La web www.carpapsa.com ha adoptat les mesures d&#8217;\u00edndole t\u00e8cnica i organitzatives necess\u00e0ries, segons el nivell de seguretat de protecci\u00f3 de dades que li correspon legalment per a garantir la seguretat del tractament de dades de car\u00e0cter personal que constitueixen el seu fitxer automatitzat. No obstant aix\u00f2, l&#8217;usuari ha de ser conscient que actualment les mesures de seguretat en la xarxa no s\u00f3n inexpugnables i per tant no est\u00e0 exempt de possibles intromissions il\u00b7legals i indegudes, que no serien responsabilitat de (<\/span><span>CARPAPSA)<\/span><span>, ja que ha actuat amb la dilig\u00e8ncia deguda per a protegir les dades conforme determina la llei.<\/span><\/p>\n<p><span>La web www.carpapsa.com fa \u00fas dels tractaments invisibles (cookies), determinats i explicitats en l&#8217;apartat corresponent amb l&#8217;\u00fanica finalitat de facilitar la navegaci\u00f3 de l&#8217;usuari i que aquest pugui beneficiar-se de les actualitzacions de la pr\u00f2pia p\u00e0gina web.<\/span><\/p>\n<p><span>La web www.carpapsa.com far\u00e0 tot el possible perqu\u00e8 les seves dades estiguin sempre actualitzats. No obstant aix\u00f2, la responsabilitat en relaci\u00f3 a la qualitat de les dades dep\u00e8n del titular d&#8217;aquestes, per tant, si hi ha qualsevol modificaci\u00f3 de les dades de l&#8217;usuari les comunicar\u00e0 al Responsable del Fitxer, declinant aquest tota responsabilitat en cas que faci cas om\u00eds a la seva obligaci\u00f3 de notificar els canvis.<\/span><\/p>\n<p><span>La prestaci\u00f3 del servei de la present web i les presents condicions d&#8217;\u00fas de la mateixa es regiran per la Llei Espanyola. Per a qualsevol discrep\u00e0ncia en l&#8217;execuci\u00f3, interpretaci\u00f3 compliment de les presents condicions, les parts se sotmetran als jutjats i tribunals de Barcelona.<\/span><\/p>\n<h3 style=\"text-align: justify;\">INFORMACI\u00d3 LEGAL, CONDICIONS DE US I POL\u00cdTICA DE COOKIES<\/h3>\n<h4 style=\"text-align: justify;\">Pol\u00edtica de cookies<\/h4>\n<p style=\"text-align: justify;\"><span>Aquest portal, igual que la majoria de portals en Internet, usa cookies per a millorar l&#8217;experi\u00e8ncia de l&#8217;usuari. Per a continuar utilitzant cookies, aquest portal necessita la seva autoritzaci\u00f3, que es produir\u00e0 de manera t\u00e0cita si continua navegant per aquest. En cas que no sigui aix\u00ed, en aquest document trobar\u00e0 la informaci\u00f3 necess\u00e0ria per a desactivar-les.<\/span><\/p>\n<p><span>Tamb\u00e9 trobar\u00e0 informaci\u00f3 sobre qu\u00e8 s\u00f3n les cookies.<\/span><\/p>\n<h4 style=\"text-align: justify;\">\u00bfQu\u00e8 s\u00f3n les cookies?<\/h4>\n<p style=\"text-align: justify;\"><span>Les cookies s\u00f3n petits arxius que algunes plataformes, com les p\u00e0gines web, poden instal\u00b7lar en el seu ordinador, tel\u00e8fon intel\u00b7ligent, tauleta o televisi\u00f3 connectada. Les seves funcions poden ser molt variades: emmagatzemar les seves prefer\u00e8ncies de navegaci\u00f3, recopilar informaci\u00f3 estad\u00edstica, permetre unes certes funcionalitats t\u00e8cniques, etc\u00e8tera. A vegades, les cookies s&#8217;utilitzen per a emmagatzemar informaci\u00f3 b\u00e0sica sobre els h\u00e0bits de navegaci\u00f3 de l&#8217;usuari o del seu equip, fins al punt, segons els casos, de poder recon\u00e8ixer-lo.<\/span><\/p>\n<h4 style=\"text-align: justify;\">\u00bfPer qu\u00e8 s\u00f3n importants?<\/h4>\n<p style=\"text-align: justify;\"><span>Les cookies s\u00f3n \u00fatils per diversos motius. Des d&#8217;un punt de vista t\u00e8cnic, permeten que les p\u00e0gines web funcionin de forma m\u00e9s \u00e0gil i adaptada a les seves prefer\u00e8ncies, com per exemple emmagatzemar el seu idioma o la moneda del seu pa\u00eds. A m\u00e9s, ajuden els responsables dels llocs web a millorar els serveis que ofereixen, gr\u00e0cies a la informaci\u00f3 estad\u00edstica que recullen a trav\u00e9s d&#8217;elles. Finalment, serveixen per a fer m\u00e9s eficient la publicitat que li vam mostrar, gr\u00e0cies a la qual li podem oferir serveis de manera gratu\u00efta.<\/span><\/p>\n<h4 style=\"text-align: justify;\">\u00bfCom utilitzem les cookies?<\/h4>\n<p style=\"text-align: justify;\"><span>Navegar per aquest portal suposa que es puguin instal\u00b7lar els seg\u00fcents tipus de cookies:<\/span><\/p>\n<p style=\"text-align: justify;\"><em><strong>Cookies t\u00e8cniques<\/strong><\/em><\/p>\n<p style=\"text-align: justify;\"><span>Permeten a l&#8217;usuari la navegaci\u00f3 a trav\u00e9s de la p\u00e0gina web, i la utilitzaci\u00f3 de les diferents opcions o serveis que en ella existeixen, com per exemple el control de tr\u00e0nsit i la comunicaci\u00f3 de dades, i cookies de complements per a intercanviar continguts socials.<\/span><\/p>\n<p style=\"text-align: justify;\"><em><strong>Cookies de personalitzaci\u00f3 i millora del rendiment<\/strong><\/em><\/p>\n<p style=\"text-align: justify;\"><span>Aquest tipus de cookies conserva les seves prefer\u00e8ncies per a unes certes eines o serveis perqu\u00e8 no hagi de reconfigurar-los cada vegada que visita la nostra web i, en alguns casos, poden ser aportades per tercers. Alguns exemples s\u00f3n: volum dels reproductors audiovisuals, prefer\u00e8ncies d&#8217;ordenaci\u00f3 d&#8217;articles o velocitats de reproducci\u00f3 de v\u00eddeo compatibles. En el cas de comer\u00e7 electr\u00f2nic, permeten mantenir informaci\u00f3 sobre la seva cistella de la compra.<\/span><\/p>\n<p style=\"text-align: justify;\"><em><strong>Cookies <span>d&#8217;an\u00e0lisi estad\u00edstica<\/span><\/strong><\/em><\/p>\n<p style=\"text-align: justify;\"><span>S\u00f3n aquelles que, ben tractades per nosaltres o per tercers, permeten quantificar el nombre de visitants i analitzar estad\u00edsticament la utilitzaci\u00f3 que fan els usuaris dels nostres serveis. Gr\u00e0cies a aix\u00f2 podem estudiar la navegaci\u00f3 per la nostra p\u00e0gina web, i millorar aix\u00ed l&#8217;oferta de productes o serveis que oferim.<\/span><\/p>\n<p style=\"text-align: justify;\"><span>M\u00e9s informaci\u00f3 sobre la pol\u00edtica de privacitat de les principals eines que utilitza aquest portal, en Google\u00a0<\/span><span>Analytics<\/span><span>:<\/span><br \/>\nhttp:\/\/www.google.es\/intl\/es\/policies\/privacy\/<\/p>\n<p style=\"text-align: justify;\"><em><strong>Cookies de geolocalitzaci\u00f3<\/strong><\/em><\/p>\n<p style=\"text-align: justify;\"><span>Aquestes cookies s\u00f3n usades per programes que intenten localitzar geogr\u00e0ficament la situaci\u00f3 de l&#8217;ordinador, tel\u00e8fon intel\u00b7ligent, tauleta o televisi\u00f3 connectada, per a de manera totalment an\u00f2nima oferir-li continguts i serveis m\u00e9s adequats.<\/span><\/p>\n<p style=\"text-align: justify;\"><em><strong>Cookies de registre<\/strong><\/em><\/p>\n<p style=\"text-align: justify;\"><span>Aquestes cookies s\u00f3n utilitzades per a identificar el seu compte d&#8217;usuari i els seus serveis associats.<\/span><\/p>\n<p><span>Aquestes cookies es mantenen mentre vost\u00e8 no abandoni el compte, tancament el navegador o apagui el dispositiu.<\/span><\/p>\n<p><span>Aquestes cookies poden ser utilitzades en combinaci\u00f3 amb dades anal\u00edtiques per a identificar de manera individual les seves prefer\u00e8ncies en el nostre portal.<\/span><\/p>\n<p style=\"text-align: justify;\"><em><strong>Cookies publicit\u00e0ries<\/strong><\/em><\/p>\n<p style=\"text-align: justify;\"><span>S\u00f3n aquelles que, ben tractades per nosaltres o per tercers, permeten gestionar efica\u00e7ment els espais publicitaris del nostre lloc web, adequant el contingut de l&#8217;anunci al contingut del servei sol\u00b7licitat o a l&#8217;\u00fas que realitzi de la nostra p\u00e0gina web. Gr\u00e0cies a ella podem con\u00e8ixer els seus h\u00e0bits de navegaci\u00f3 en internet i mostrar-li publicitat relacionada amb el seu perfil de navegaci\u00f3.<\/span><\/p>\n<p style=\"text-align: justify;\"><em><strong>Cookies de publicitat comportamental<\/strong><\/em><\/p>\n<p style=\"text-align: justify;\"><span>Permeten la gesti\u00f3 dels espais publicitaris en funci\u00f3 dels h\u00e0bits de navegaci\u00f3, desenvolupant un perfil especifico per a mostrar la publicitat en funci\u00f3 d&#8217;aquest.<\/span><\/p>\n<p style=\"text-align: justify;\"><em><strong><span>Com puc eliminar les cookies i configurar la resta de prefer\u00e8ncies?<\/span><\/strong><\/em><\/p>\n<p style=\"text-align: justify;\"><span>Pot permetre, bloquejar o eliminar les cookies instal\u00b7lades en el seu equip mitjan\u00e7ant la configuraci\u00f3 de les opcions del seu navegador d&#8217;internet. En el cas en qu\u00e8 les bloquegi, uns certs serveis que necessiten el seu \u00fas no estaran disponibles per a vost\u00e8.<\/span><\/p>\n<h4 style=\"text-align: justify;\">Informaci\u00f3 legal<\/h4>\n<p style=\"text-align: justify;\">En conformitat al Art.10 de la Ley 34\/2002, de 11 de juliol, de serveis de la societat de la informaci\u00f3 i de comer\u00e7 electr\u00f2nic s&#8217;informa:<\/p>\n<p style=\"text-align: justify;\">El dominio carpapsa.com es propiedad y est\u00e1 administrado por <strong>CARPAPSA<\/strong><\/p>\n<h4 style=\"text-align: justify;\">Contacte:<\/h4>\n<p style=\"text-align: justify;\"><strong>Correo electr\u00f2nic:<\/strong><\/p>\n<p style=\"text-align: justify;\">Administraci\u00f3: info@carpapsa.com<\/p>\n<h4 style=\"text-align: justify;\">Sobre les dades de usuaris<\/h4>\n<p style=\"text-align: justify;\"><span>De conformitat amb el que es preveu en la Llei org\u00e0nica 15\/1999, del 13 de desembre, de Protecci\u00f3 de Dades de Car\u00e0cter Personal (<\/span><span>LOPD)<\/span><span>,\u00a0els gestors de carpapsa.com\u00a0informen de l&#8217;exist\u00e8ncia d&#8217;un fitxer de la seva titularitat en el qual s&#8217;inclouran les dades necess\u00e0ries per a mantenir informats als usuaris que aix\u00ed ho requereixin o proporcionar els serveis que els usuaris sol\u00b7licitin.<\/span><\/p>\n<p><span>El titular podr\u00e0 exercitar els drets reconeguts en la\u00a0<\/span><span>LOPD<\/span><span>\u00a0sobre aquest fitxer i, en particular, els d&#8217;acc\u00e9s, rectificaci\u00f3 o cancel\u00b7laci\u00f3 de dades i oposici\u00f3, si result\u00e9s pertinent, aix\u00ed com el de revocaci\u00f3 del consentiment per a la cessi\u00f3 de les seves dades en els termes previstos en la\u00a0<\/span><span>LOPD<\/span><span>.\u00a0Els usuaris poden realitzar aquestes accions editant les seves pr\u00f2pies dades en el web carpapsa.com\u00a0o enviant una sol\u00b7licitud a\u00a0info@carpapsa.com.<\/span><\/p>\n<p><span>Els comentaris, not\u00edcies i vots enviats enviats volunt\u00e0riament pels usuaris no s\u00f3n dades personals de car\u00e0cter privat sin\u00f3 p\u00fablics. Queden relacionats amb els vots i comentaris d&#8217;altres usuaris.\u00a0Els gestors de carpapsa.com\u00a0podran conservar aquestes dades amb l&#8217;objectiu de mantenir la coher\u00e8ncia de la informaci\u00f3 publicada i els enviaments de tots els usuaris.<\/span><\/p>\n<h4 style=\"text-align: justify;\">Privacitat<\/h4>\n<p style=\"text-align: justify;\"><span>La nostra relaci\u00f3 amb les botigues \u00e9s en qualitat de\u00a0<\/span><span>comisionistas<\/span><span>\u00a0i no tenim acc\u00e9s a les dades dels compradors.\u00a0IMPORTANT: Revisi la pol\u00edtica de privacitat de cada botiga abans de facilitar-los les seves dades.<\/span><\/p>\n<p><span>Les empreses que serveixen els anuncis de carpapsa.com, o les que porten les estad\u00edstiques d&#8217;acc\u00e9s, podrien usar\u00a0cookies\u00a0amb finalitats estad\u00edstics. Els usuaris poden eliminar-los o impedir l&#8217;enviament d&#8217;aquests\u00a0cookies\u00a0des de les opcions del seu navegador.<\/span><\/p>\n<h4 style=\"text-align: justify;\">Exclusi\u00f3 de garanties i responsabilitat<\/h4>\n<p style=\"text-align: justify;\"><span>Els gestors de carpapsa.com\u00a0no garanteixen la licitud, fiabilitat, exactitud, exhaustivitat, actualitat i utilitat dels continguts.<\/span><\/p>\n<p><span>L&#8217;establiment d&#8217;un enlla\u00e7, enlla\u00e7, intercanvi, no implica en cap cas l&#8217;exist\u00e8ncia de relacions entre\u00a0els gestors de carpapsa.com\u00a0i el propietari del lloc web amb la qual s&#8217;estableixi, ni l&#8217;acceptaci\u00f3 i aprovaci\u00f3 dels seus continguts o serveis.<\/span><\/p>\n<p><span>Els gestors de carpapsa.com\u00a0exclouen tota responsabilitat en els llocs enlla\u00e7ats des d&#8217;aquesta web i no poden controlar i no controlen que entre ells apareguin llocs d&#8217;Internet els continguts de la qual puguin resultar il\u00b7l\u00edcits, il\u00b7legals, contraris a la moral o als bons costums o inapropiats. L&#8217;usuari, per tant, ha d&#8217;extremar la prud\u00e8ncia en la valoraci\u00f3 i utilitzaci\u00f3 de la informaci\u00f3, continguts i serveis existents en els llocs enlla\u00e7ats.<\/span><\/p>\n<p><span>Els gestors de carpapsa.com\u00a0exclouen tota responsabilitat per les not\u00edcies i informacions publicades pels usuaris, tercers i de les mateixes seran responsables els usuaris o tercers dels qui procedeixin.<\/span><\/p>\n<p><span>Els gestors de carpapsa.com\u00a0fan el\u00a0millor esfor\u00e7\u00a0per a garantir la confidencialitat dels missatges privats, no obstant aix\u00f2 aquests no es guarden xifratges en la base de dades.\u00a0<\/span><span>CARPAPSA<\/span><span>\u00a0no es fa responsable en cas de divulgaci\u00f3 dels mateixos a causa d&#8217;actes de tercers sense relaci\u00f3 amb l&#8217;empresa.<\/span><\/p>\n<h4 style=\"text-align: justify;\">Condicions d&#8217;\u00fas<\/h4>\n<p style=\"text-align: justify;\">1. <span>El t\u00edtol,\u00a0<\/span><span>entradilla<\/span><span>, geolocalitzaci\u00f3 i etiquetes dels enviaments, com aix\u00ed tamb\u00e9 la categoria en el qual s&#8217;insereix, ha de reflectir i no distorsionar el contingut de l&#8217;enlla\u00e7. carpapsa.com i blog.carpapsa.com no \u00e9s un lloc de\u00a0<\/span><span>microblogging<\/span><span>, o per a generar not\u00edcies o opini\u00f3 en l&#8217;espai reservat per a la descripci\u00f3 de l&#8217;enviament.<\/span><\/p>\n<p style=\"text-align: justify;\"><span>2. L&#8217;usuari s&#8217;abstindr\u00e0 d&#8217;escriure i enviar enlla\u00e7os difamatoris, racistes, obscens, pornogr\u00e0fics, ofensius, que promoguin l&#8217;odi racial, \u00e8tnic, religi\u00f3s, hom\u00f2fob o de g\u00e8nere, de viol\u00e8ncia expl\u00edcita o incitaci\u00f3 a la viol\u00e8ncia, que afectin la privacitat i\/o drets de la inf\u00e0ncia.<\/span><\/p>\n<p><span>3. Les p\u00e0gines i informaci\u00f3 enviades hauran de ser d&#8217;acc\u00e9s i visibilitat p\u00fablica i immediata sense necessitat de registres, pagaments o procediments addicionals.<\/span><\/p>\n<p><span>4. L&#8217;usuari s&#8217;abstindr\u00e0 d&#8217;utilitzar qualsevol dels serveis oferts en carpapsa.com amb finalitats o efectes il\u00b7l\u00edcits, lesius dels drets i interessos de tercers, o que puguin danyar, inutilitzar, sobrecarregar, deteriorar o impedir la normal utilitzaci\u00f3 dels serveis, els equips inform\u00e0tics o els documents, arxius i qualsevol contingut emmagatzemat en carpapsa.com o servidors externs enlla\u00e7ats des de carpapsa.com.<\/span><\/p>\n<p><span>5. L&#8217;usuari s&#8217;abstindr\u00e0 d&#8217;assetjar, amena\u00e7ar i obtenir o divulgar informaci\u00f3 privada de tercers. La divulgaci\u00f3 de dades personals -en notes o comentaris, o l&#8217;enviament d&#8217;enlla\u00e7os de fonts an\u00f2nimes i no documentades- amb l&#8217;objectiu de fomentar el linxament, persecuci\u00f3 o assetjament d&#8217;una persona ocasionar\u00e0 la inhabilitaci\u00f3 del compte i l&#8217;edici\u00f3 de les dades personals.<\/span><\/p>\n<p><span>6. L&#8217;usuari s&#8217;abstindr\u00e0 d&#8217;usar carpapsa.com amb l&#8217;objectiu de a) la promoci\u00f3 exclusiva d&#8217;un lloc web, empreses, xarxes de blogs o d&#8217;afiliaci\u00f3 d&#8217;enlla\u00e7os (<\/span><span>spam)<\/span><span>; b) les campanyes comercials (encara que el lloc promocionat no contingui publicitat directa), pol\u00edtiques o ideol\u00f2gics promovent el vot massiu a les not\u00edcies objecte de la campanya o del lloc promocionat; c) la provocaci\u00f3 gratu\u00efta o mol\u00e8stia injustificada als altres usuaris i lectors de carpapsa.com; d) l&#8217;enviament de not\u00edcies falses,\u00a0fabricades, o tretes de context per a enganyar el lector.<\/span><\/p>\n<p><span>7. L&#8217;usuari s&#8217;abstindr\u00e0 de crear m\u00faltiples comptes amb la finalitat de promocionar llocs webs, participar en discussions simulant les opinions de persones diferents (<\/span><span>astroturfing)<\/span><span>, suplantar la identitat d&#8217;altres persones o intentar alterar artificialment els comptadors de vots i\u00a0<\/span><span>karma<\/span><span>\u00a0i crear m\u00faltiples usuaris amb l&#8217;\u00fanic objectiu d&#8217;eludir les restriccions i penalitzacions generals del sistema.<\/span><\/p>\n<p><span>8. L&#8217;usuari s&#8217;abstindr\u00e0 d&#8217;intentar promocionar el vot des de llocs de tercers mitjan\u00e7ant l&#8217;\u00fas de t\u00e8cniques inform\u00e0tiques diferents a les ofertes per\u00a0<\/span><span>CARPAPSA<\/span><span>\u00a0a trav\u00e9s dels RSS i funcionalitats del\u00a0<\/span><span>API<\/span><span>.<\/span><\/p>\n<p><span>L&#8217;incompliment de les condicions d&#8217;\u00fas podria significar el bloqueig del compte\u00a0 de l&#8217;usuari\u00a0i\/o\u00a0domini web, l&#8217;esborrat\u00a0 i\/o edici\u00f3\u00a0del text ofensiu, i les mesures i den\u00fancies adequades segons les lleis espanyoles i europees.<\/span><\/p>\n<p><span>Amb l&#8217;objectiu de millorar el servei i minimitzar els problemes,\u00a0<\/span><span>CARPAPSA<\/span><span>\u00a0es reserva el dret a modificar i actualitzar les condicions d&#8217;\u00fas sense previ av\u00eds.<\/span><\/p>\n","protected":false},"excerpt":{"rendered":"<p>IMPORTANT: L&#8217;acc\u00e9s i navegaci\u00f3 per carpapsa.com i\/o l&#8217;\u00fas dels serveis oferts en aquest lloc implica que l&#8217;usuari accepta la\u00a0pol\u00edtica de\u00a0privacitat, l&#8217;av\u00eds legal i les condicions d&#8217;\u00fas d&#8217;aquest servei. En cas de no acceptar-los, no ha d&#8217;usar carpapsa.com..&nbsp; AVIS: Aquesta p\u00e0gina nom\u00e9s aplica al lloc que es troba sota el domini i subdomini carpapsa.com. NOTICE: This [&hellip;]<\/p>\n","protected":false},"author":1,"featured_media":0,"parent":0,"menu_order":0,"comment_status":"closed","ping_status":"closed","template":"","meta":{"footnotes":""},"class_list":["post-4008","page","type-page","status-publish","hentry"],"_links":{"self":[{"href":"https:\/\/carpapsa.com\/ca\/wp-json\/wp\/v2\/pages\/4008","targetHints":{"allow":["GET"]}}],"collection":[{"href":"https:\/\/carpapsa.com\/ca\/wp-json\/wp\/v2\/pages"}],"about":[{"href":"https:\/\/carpapsa.com\/ca\/wp-json\/wp\/v2\/types\/page"}],"author":[{"embeddable":true,"href":"https:\/\/carpapsa.com\/ca\/wp-json\/wp\/v2\/users\/1"}],"replies":[{"embeddable":true,"href":"https:\/\/carpapsa.com\/ca\/wp-json\/wp\/v2\/comments?post=4008"}],"version-history":[{"count":2,"href":"https:\/\/carpapsa.com\/ca\/wp-json\/wp\/v2\/pages\/4008\/revisions"}],"predecessor-version":[{"id":4011,"href":"https:\/\/carpapsa.com\/ca\/wp-json\/wp\/v2\/pages\/4008\/revisions\/4011"}],"wp:attachment":[{"href":"https:\/\/carpapsa.com\/ca\/wp-json\/wp\/v2\/media?parent=4008"}],"curies":[{"name":"wp","href":"https:\/\/api.w.org\/{rel}","templated":true}]}}